{"id":623,"date":"2024-02-01T17:42:40","date_gmt":"2024-02-01T16:42:40","guid":{"rendered":"https:\/\/eventdjwesel.de\/?page_id=623"},"modified":"2024-02-01T17:42:40","modified_gmt":"2024-02-01T16:42:40","slug":"eine-neue-aera-im-controller-bereich","status":"publish","type":"page","link":"https:\/\/eventdjwesel.de\/startseite\/eine-neue-aera-im-controller-bereich\/","title":{"rendered":"Eine neue \u00c4ra im Controller Bereich"},"content":{"rendered":"\n<p>Im Januar 2024 ist die Entscheidung gefallen mir einen neuen DJ Controller zu kaufen. Die Entscheidung sollte nicht einfach werden. Klar war es soll die EierlegendeWollMilchSau werden. <\/p>\n\n\n\n<p><strong>Wieder einen Stand Alone Controller? Was ist das eigentlich und wo liegen hier die Vorteile?<\/strong><\/p>\n\n\n\n<p>Mit einem normalen Controller steuere ich die DJ Software, kann vorh\u00f6ren, und mit der verbauten Soundkarte gebe ich das Tonsignal an den Systemverst\u00e4rker aus. Hierunter fallen meine Backup Controller Denon MC7000, Denon MC6000 und der kleine Akai Controller. F\u00e4llt hier mal der Laptop aus, brauche ich zwangsweise einen zweiten Laptop um weiter spielen zu k\u00f6nnen. Mein bisheriger Hauptcontroller, Denon MCX8000, war ein Stand Alone Controller. Hier konnte ich auch ohne Laptop eine Festplatte oder USB Stick anschlie\u00dfen und die Musik von diesen Medien abspielen. Sollte ich also Probleme mit dem Laptop haben, konnte ich schnell auf die angeschlossene Festplatte umswitchen und weiter spielen ohne das jemand etwas bemerkt hat. Dieser Punkt wird noch eine gro\u00dfe Rolle spielen, wenn ich gleich auf meinen neuen Controller zu sprechen komme.<\/p>\n\n\n\n<p>Kleine Defekte nach fast 8 Jahren Einsatz mit dem MCX8000<\/p>\n\n\n\n<p>Als erstes muss ich sagen, dass ich mich auf meinen Denon Controller MCX8000 immer verlassen konnte. Ein kleiner Defekt trat vor einigen Jahren auf, als sich der Controller nicht mehr hat ausschalten lassen. Gut, besser so als anders herum.  Ein schneller Anruf bei InMusic in K\u00f6ln und das Ger\u00e4t einen Tag sp\u00e4ter dort abgegeben, war er auch schnell repariert und wieder im Einsatz. Im Dezember 2023 dann leichtes flackern beim rechnen Monitor. Mir war dieses Problem durch Kollegen bekannt und war durch herabsetzen der Lichtst\u00e4rke schnell behoben. Dann im Januar 2024 wieder das Ausschaltproblem! Es ist also die Entscheidung gefallen um mich neu aufzustellen! Aktuell (01.02.2024) ist der Controller noch in Reparatur. Ob es durch eine kleine Reparatur wieder fit wird ist fraglich. Abgegeben ist er beim MusicStore in K\u00f6ln. Im gleichen Moment bin ich hoch zur DJ Abteilung und habe mich \u00fcber mehrere Controller weiter informiert. Stand Alone Controller sind nicht vorhanden wie Sand am Meer und preislich auch f\u00fcr nicht jeden attraktiv. Hier werden schon erhebliche Mehrkosten verlangt. <\/p>\n\n\n\n<p>Die Vorraussetzungen, die erf\u00fcllt werden mussten<\/p>\n\n\n\n<p>Als Hochzeits-DJ gibt es einige Vorraussetzungen, die erf\u00fcllt werden sollten. 2 Mikrofone die unabh\u00e4ngig voneinander gesteuert werden m\u00fcssen, Line In um weitere Ger\u00e4te wie einen verbauten CD-Player von Denon (mit im Case) und vielleicht auch noch einen zweiten Line In um auch mal ein Handy, Beamer oder anderes Abspielger\u00e4t anschlie\u00dfen zu k\u00f6nnen. Ein 4-Kanal Controller musste es auf jeden Fall sein, um meine Mixe auch weiter so abspielen und mixen zu k\u00f6nnen wie bisher. Wenn dann auch noch eine Stand Alone funktion gew\u00e4hrleistet ist, w\u00e4re das der Hammer. Zuerst kam also der Denon SC Live 4 in Frage. Ein Blick auf die R\u00fcckseite verriet aber nur einen Line In, der sich auch noch mit dem zweiten Mikrofoneingang geteilt werden musste. Dies war hier das absolute K.O. Kriterium. Der Booth-Ausgang in Klinke w\u00e4re eine Kompromissl\u00f6sung gewesen. F\u00fcr mich als Hochzeits-DJ kommend von einem MCX8000 also eher ein R\u00fcckschritt als eine neue \u00c4ra. Die Anbindung an den Onlinedienst TIDAL war aber schon interessant aber nicht ausschlaggebend. Weitere Anbindungen an Musik-Onlinedienste waren f\u00fcr mich nicht ausschlaggebend. Die verbauten Lautsprecher sind in meinen Augen eher f\u00fcr einen Bedroom-DJ als f\u00fcr den professionellen Gebrauch. Ich brauche schlie\u00dflich kein Ger\u00e4t f\u00fcr zu Hause sondern f\u00fcr den mobilen Einsatz. Gr\u00f6\u00dfe und Gewicht waren aber schon nice. Der Blick ging schnell weiter zu anderen Controllern. Dann stand er da! Der DENON PRIME 4+! Ein Bolide von Controller. 10&#8243; Touchscreen, Stand Alone, 4-Kanal, gro\u00dfe JogWheels, Effektsektion uvm. Ein Blick auf die R\u00fcckseite des Controllers lies keine W\u00fcnsche offen. Ganz im Gegenteil. Zu einem XLR Booth Ausgang kam noch zus\u00e4tzlich ein XLR Zone Ausgang. Da ist sie, die EierlegendeWollMilchSau!<\/p>\n\n\n\n<p>DENON PRIME 4+<\/p>\n\n\n\n<figure class=\"wp-block-image size-large is-resized\"><img decoding=\"async\" src=\"https:\/\/eventdjwesel.de\/wp-content\/uploads\/2024\/02\/IMG_9211-1024x768.jpg\" alt=\"\" class=\"wp-image-624\" style=\"width:676px;height:auto\"\/><\/figure>\n\n\n\n<p>Wie hochwertig ist dieses Ger\u00e4t denn bitte verbaut? Eine SSD eingebaut und die Musik musste eingelesen werden. Es ist schon ein bisschen so wie ein Instrument lernen. Man muss sich mit dem Ger\u00e4t besch\u00e4ftigen, damit im Einsatz alles blind bedient werden kann. Die Anschlussvielfalt ist schon ein Traum.  Das gro\u00dfe Touch Display ist \u00fcbersichtlich und sehr gut zu bedienen. <\/p>\n","protected":false},"excerpt":{"rendered":"<p>Im Januar 2024 ist die Entscheidung gefallen mir einen neuen DJ Controller zu kaufen. Die Entscheidung sollte nicht einfach werden. Klar war es soll die EierlegendeWollMilchSau werden. Wieder einen Stand Alone Controller? Was ist das eigentlich und wo liegen hier die Vorteile? Mit einem normalen Controller steuere ich die DJ Software, kann vorh\u00f6ren, und mit [&hellip;]<\/p>\n","protected":false},"author":1,"featured_media":0,"parent":0,"menu_order":0,"comment_status":"closed","ping_status":"closed","template":"","meta":{"ngg_post_thumbnail":0,"footnotes":""},"class_list":["post-623","page","type-page","status-publish","hentry","post-preview"],"yoast_head":"<!-- This site is optimized with the Yoast SEO plugin v27.1.1 - https:\/\/yoast.com\/product\/yoast-seo-wordpress\/ -->\n<title>Eine neue \u00c4ra im Controller Bereich -<\/title>\n<meta name=\"robots\" content=\"index, follow, max-snippet:-1, max-image-preview:large, max-video-preview:-1\" \/>\n<link rel=\"canonical\" href=\"https:\/\/eventdjwesel.de\/startseite\/eine-neue-aera-im-controller-bereich\/\" \/>\n<meta property=\"og:locale\" content=\"de_DE\" \/>\n<meta property=\"og:type\" content=\"article\" \/>\n<meta property=\"og:title\" content=\"Eine neue \u00c4ra im Controller Bereich -\" \/>\n<meta property=\"og:description\" content=\"Im Januar 2024 ist die Entscheidung gefallen mir einen neuen DJ Controller zu kaufen. Die Entscheidung sollte nicht einfach werden. Klar war es soll die EierlegendeWollMilchSau werden. Wieder einen Stand Alone Controller? Was ist das eigentlich und wo liegen hier die Vorteile? Mit einem normalen Controller steuere ich die DJ Software, kann vorh\u00f6ren, und mit [&hellip;]\" \/>\n<meta property=\"og:url\" content=\"https:\/\/eventdjwesel.de\/startseite\/eine-neue-aera-im-controller-bereich\/\" \/>\n<meta name=\"twitter:card\" content=\"summary_large_image\" \/>\n<meta name=\"twitter:label1\" content=\"Gesch\u00e4tzte Lesezeit\" \/>\n\t<meta name=\"twitter:data1\" content=\"4\u00a0Minuten\" \/>\n<script type=\"application\/ld+json\" class=\"yoast-schema-graph\">{\"@context\":\"https:\/\/schema.org\",\"@graph\":[{\"@type\":\"WebPage\",\"@id\":\"https:\/\/eventdjwesel.de\/startseite\/eine-neue-aera-im-controller-bereich\/\",\"url\":\"https:\/\/eventdjwesel.de\/startseite\/eine-neue-aera-im-controller-bereich\/\",\"name\":\"Eine neue \u00c4ra im Controller Bereich -\",\"isPartOf\":{\"@id\":\"https:\/\/eventdjwesel.de\/startseite\/#website\"},\"primaryImageOfPage\":{\"@id\":\"https:\/\/eventdjwesel.de\/startseite\/eine-neue-aera-im-controller-bereich\/#primaryimage\"},\"image\":{\"@id\":\"https:\/\/eventdjwesel.de\/startseite\/eine-neue-aera-im-controller-bereich\/#primaryimage\"},\"thumbnailUrl\":\"https:\/\/eventdjwesel.de\/wp-content\/uploads\/2024\/02\/IMG_9211-1024x768.jpg\",\"datePublished\":\"2024-02-01T16:42:40+00:00\",\"breadcrumb\":{\"@id\":\"https:\/\/eventdjwesel.de\/startseite\/eine-neue-aera-im-controller-bereich\/#breadcrumb\"},\"inLanguage\":\"de\",\"potentialAction\":[{\"@type\":\"ReadAction\",\"target\":[\"https:\/\/eventdjwesel.de\/startseite\/eine-neue-aera-im-controller-bereich\/\"]}]},{\"@type\":\"ImageObject\",\"inLanguage\":\"de\",\"@id\":\"https:\/\/eventdjwesel.de\/startseite\/eine-neue-aera-im-controller-bereich\/#primaryimage\",\"url\":\"https:\/\/eventdjwesel.de\/wp-content\/uploads\/2024\/02\/IMG_9211-1024x768.jpg\",\"contentUrl\":\"https:\/\/eventdjwesel.de\/wp-content\/uploads\/2024\/02\/IMG_9211-1024x768.jpg\"},{\"@type\":\"BreadcrumbList\",\"@id\":\"https:\/\/eventdjwesel.de\/startseite\/eine-neue-aera-im-controller-bereich\/#breadcrumb\",\"itemListElement\":[{\"@type\":\"ListItem\",\"position\":1,\"name\":\"Start\",\"item\":\"https:\/\/eventdjwesel.de\/startseite\/\"},{\"@type\":\"ListItem\",\"position\":2,\"name\":\"Eine neue \u00c4ra im Controller Bereich\"}]},{\"@type\":\"WebSite\",\"@id\":\"https:\/\/eventdjwesel.de\/startseite\/#website\",\"url\":\"https:\/\/eventdjwesel.de\/startseite\/\",\"name\":\"\",\"description\":\"\",\"potentialAction\":[{\"@type\":\"SearchAction\",\"target\":{\"@type\":\"EntryPoint\",\"urlTemplate\":\"https:\/\/eventdjwesel.de\/startseite\/?s={search_term_string}\"},\"query-input\":{\"@type\":\"PropertyValueSpecification\",\"valueRequired\":true,\"valueName\":\"search_term_string\"}}],\"inLanguage\":\"de\"}]}<\/script>\n<!-- \/ Yoast SEO plugin. -->","yoast_head_json":{"title":"Eine neue \u00c4ra im Controller Bereich -","robots":{"index":"index","follow":"follow","max-snippet":"max-snippet:-1","max-image-preview":"max-image-preview:large","max-video-preview":"max-video-preview:-1"},"canonical":"https:\/\/eventdjwesel.de\/startseite\/eine-neue-aera-im-controller-bereich\/","og_locale":"de_DE","og_type":"article","og_title":"Eine neue \u00c4ra im Controller Bereich -","og_description":"Im Januar 2024 ist die Entscheidung gefallen mir einen neuen DJ Controller zu kaufen. Die Entscheidung sollte nicht einfach werden. Klar war es soll die EierlegendeWollMilchSau werden. Wieder einen Stand Alone Controller? Was ist das eigentlich und wo liegen hier die Vorteile? Mit einem normalen Controller steuere ich die DJ Software, kann vorh\u00f6ren, und mit [&hellip;]","og_url":"https:\/\/eventdjwesel.de\/startseite\/eine-neue-aera-im-controller-bereich\/","twitter_card":"summary_large_image","twitter_misc":{"Gesch\u00e4tzte Lesezeit":"4\u00a0Minuten"},"schema":{"@context":"https:\/\/schema.org","@graph":[{"@type":"WebPage","@id":"https:\/\/eventdjwesel.de\/startseite\/eine-neue-aera-im-controller-bereich\/","url":"https:\/\/eventdjwesel.de\/startseite\/eine-neue-aera-im-controller-bereich\/","name":"Eine neue \u00c4ra im Controller Bereich -","isPartOf":{"@id":"https:\/\/eventdjwesel.de\/startseite\/#website"},"primaryImageOfPage":{"@id":"https:\/\/eventdjwesel.de\/startseite\/eine-neue-aera-im-controller-bereich\/#primaryimage"},"image":{"@id":"https:\/\/eventdjwesel.de\/startseite\/eine-neue-aera-im-controller-bereich\/#primaryimage"},"thumbnailUrl":"https:\/\/eventdjwesel.de\/wp-content\/uploads\/2024\/02\/IMG_9211-1024x768.jpg","datePublished":"2024-02-01T16:42:40+00:00","breadcrumb":{"@id":"https:\/\/eventdjwesel.de\/startseite\/eine-neue-aera-im-controller-bereich\/#breadcrumb"},"inLanguage":"de","potentialAction":[{"@type":"ReadAction","target":["https:\/\/eventdjwesel.de\/startseite\/eine-neue-aera-im-controller-bereich\/"]}]},{"@type":"ImageObject","inLanguage":"de","@id":"https:\/\/eventdjwesel.de\/startseite\/eine-neue-aera-im-controller-bereich\/#primaryimage","url":"https:\/\/eventdjwesel.de\/wp-content\/uploads\/2024\/02\/IMG_9211-1024x768.jpg","contentUrl":"https:\/\/eventdjwesel.de\/wp-content\/uploads\/2024\/02\/IMG_9211-1024x768.jpg"},{"@type":"BreadcrumbList","@id":"https:\/\/eventdjwesel.de\/startseite\/eine-neue-aera-im-controller-bereich\/#breadcrumb","itemListElement":[{"@type":"ListItem","position":1,"name":"Start","item":"https:\/\/eventdjwesel.de\/startseite\/"},{"@type":"ListItem","position":2,"name":"Eine neue \u00c4ra im Controller Bereich"}]},{"@type":"WebSite","@id":"https:\/\/eventdjwesel.de\/startseite\/#website","url":"https:\/\/eventdjwesel.de\/startseite\/","name":"","description":"","potentialAction":[{"@type":"SearchAction","target":{"@type":"EntryPoint","urlTemplate":"https:\/\/eventdjwesel.de\/startseite\/?s={search_term_string}"},"query-input":{"@type":"PropertyValueSpecification","valueRequired":true,"valueName":"search_term_string"}}],"inLanguage":"de"}]}},"_links":{"self":[{"href":"https:\/\/eventdjwesel.de\/startseite\/wp-json\/wp\/v2\/pages\/623","targetHints":{"allow":["GET"]}}],"collection":[{"href":"https:\/\/eventdjwesel.de\/startseite\/wp-json\/wp\/v2\/pages"}],"about":[{"href":"https:\/\/eventdjwesel.de\/startseite\/wp-json\/wp\/v2\/types\/page"}],"author":[{"embeddable":true,"href":"https:\/\/eventdjwesel.de\/startseite\/wp-json\/wp\/v2\/users\/1"}],"replies":[{"embeddable":true,"href":"https:\/\/eventdjwesel.de\/startseite\/wp-json\/wp\/v2\/comments?post=623"}],"version-history":[{"count":0,"href":"https:\/\/eventdjwesel.de\/startseite\/wp-json\/wp\/v2\/pages\/623\/revisions"}],"wp:attachment":[{"href":"https:\/\/eventdjwesel.de\/startseite\/wp-json\/wp\/v2\/media?parent=623"}],"curies":[{"name":"wp","href":"https:\/\/api.w.org\/{rel}","templated":true}]}}