{"id":373,"date":"2021-10-04T10:28:45","date_gmt":"2021-10-04T08:28:45","guid":{"rendered":"https:\/\/eventdjwesel.de\/?page_id=373"},"modified":"2021-10-04T10:28:45","modified_gmt":"2021-10-04T08:28:45","slug":"hochzeit-laeuft-total-aus-dem-ruder-sogar-die-polizei-zeigt-mitleid-mit-dem-brautpaar","status":"publish","type":"page","link":"https:\/\/eventdjwesel.de\/startseite\/hochzeitsgeschichten-aus-den-medien\/hochzeit-laeuft-total-aus-dem-ruder-sogar-die-polizei-zeigt-mitleid-mit-dem-brautpaar\/","title":{"rendered":"Hochzeit l\u00e4uft total aus dem Ruder &#8211; sogar die Polizei zeigt Mitleid mit dem Brautpaar"},"content":{"rendered":"\n<p>Wenn der sch\u00f6nste Tag im Leben des Brautpaares zum Desaster wird: Im bayerischen Schweinfurt nahm eine feierliche&nbsp;<strong>Hochzeit<\/strong>&nbsp;eine b\u00f6se Wendung.<\/p>\n\n\n\n<p>Am Ende erschien die Polizei auf der&nbsp;<strong>Hochzeit<\/strong>&nbsp;\u2013 und sogar die Beamten hatten Mitleid mit dem frischverm\u00e4hlten Ehepaar.<\/p>\n\n\n\n<p>Wie das Portal infranken.de berichtet, gerieten zun\u00e4chst einige G\u00e4ste der Hochzeit verbal aneinander. Dann lief das Geschehen endg\u00fcltig aus dem Ruder, Weitere Angeh\u00f6rige der G\u00e4ste, die selbst gar nicht auf der Hochzeit eingeladen waren, kamen hinzu. Am Ende standen sich rund 30 Personen auf der Stra\u00dfe in einem heftigen Streit gegen\u00fcber.<\/p>\n\n\n\n<p>Die Polizei erschien mit mehreren Streifenwagen. Gegen einige der aggressiv auftretenden Streith\u00e4hne mussten die Beamten Platzverweise aussprechen. Die Hochzeitsfeier l\u00f6ste sich derweil weitgehend auf,&nbsp;meldet infranken.de weiter.<\/p>\n\n\n\n<p>Am Ende zeigten selbst die Polizisten Mitleid mit dem Ehepaar: \u201eBleibt dem Brautpaar nur zu w\u00fcnschen, dass die kommenden Ehejahre gemeinsam unbeschwert, friedlich und gl\u00fccklich im Rahmen der gesamten Familie verbracht werden k\u00f6nnen.\u201c<\/p>\n\n\n\n<p>Immer wieder ereignen sich auf Hochzeiten kuriose und tragische Geschichten. <\/p>\n\n\n\n<p>Quelle: DerWesten<\/p>\n\n\n\n<p><a href=\"https:\/\/eventdjwesel.de\/hochzeitsgeschichten-aus-den-medien\/\" data-type=\"page\" data-id=\"371\">ZUR\u00dcCK zur \u00dcbersicht der Hochzeitsgeschichten<\/a><\/p>\n","protected":false},"excerpt":{"rendered":"<p>Wenn der sch\u00f6nste Tag im Leben des Brautpaares zum Desaster wird: Im bayerischen Schweinfurt nahm eine feierliche&nbsp;Hochzeit&nbsp;eine b\u00f6se Wendung. Am Ende erschien die Polizei auf der&nbsp;Hochzeit&nbsp;\u2013 und sogar die Beamten hatten Mitleid mit dem frischverm\u00e4hlten Ehepaar. Wie das Portal infranken.de berichtet, gerieten zun\u00e4chst einige G\u00e4ste der Hochzeit verbal aneinander. Dann lief das Geschehen endg\u00fcltig aus [&hellip;]<\/p>\n","protected":false},"author":1,"featured_media":0,"parent":371,"menu_order":0,"comment_status":"closed","ping_status":"closed","template":"","meta":{"ngg_post_thumbnail":0,"footnotes":""},"class_list":["post-373","page","type-page","status-publish","hentry","post-preview"],"yoast_head":"<!-- This site is optimized with the Yoast SEO plugin v27.1.1 - https:\/\/yoast.com\/product\/yoast-seo-wordpress\/ -->\n<title>Hochzeit l\u00e4uft total aus dem Ruder - sogar die Polizei zeigt Mitleid mit dem Brautpaar -<\/title>\n<meta name=\"robots\" content=\"index, follow, max-snippet:-1, max-image-preview:large, max-video-preview:-1\" \/>\n<link rel=\"canonical\" href=\"https:\/\/eventdjwesel.de\/startseite\/hochzeitsgeschichten-aus-den-medien\/hochzeit-laeuft-total-aus-dem-ruder-sogar-die-polizei-zeigt-mitleid-mit-dem-brautpaar\/\" \/>\n<meta property=\"og:locale\" content=\"de_DE\" \/>\n<meta property=\"og:type\" content=\"article\" \/>\n<meta property=\"og:title\" content=\"Hochzeit l\u00e4uft total aus dem Ruder - sogar die Polizei zeigt Mitleid mit dem Brautpaar -\" \/>\n<meta property=\"og:description\" content=\"Wenn der sch\u00f6nste Tag im Leben des Brautpaares zum Desaster wird: Im bayerischen Schweinfurt nahm eine feierliche&nbsp;Hochzeit&nbsp;eine b\u00f6se Wendung. Am Ende erschien die Polizei auf der&nbsp;Hochzeit&nbsp;\u2013 und sogar die Beamten hatten Mitleid mit dem frischverm\u00e4hlten Ehepaar. Wie das Portal infranken.de berichtet, gerieten zun\u00e4chst einige G\u00e4ste der Hochzeit verbal aneinander. Dann lief das Geschehen endg\u00fcltig aus [&hellip;]\" \/>\n<meta property=\"og:url\" content=\"https:\/\/eventdjwesel.de\/startseite\/hochzeitsgeschichten-aus-den-medien\/hochzeit-laeuft-total-aus-dem-ruder-sogar-die-polizei-zeigt-mitleid-mit-dem-brautpaar\/\" \/>\n<meta name=\"twitter:card\" content=\"summary_large_image\" \/>\n<meta name=\"twitter:label1\" content=\"Gesch\u00e4tzte Lesezeit\" \/>\n\t<meta name=\"twitter:data1\" content=\"1\u00a0Minute\" \/>\n<script type=\"application\/ld+json\" class=\"yoast-schema-graph\">{\"@context\":\"https:\/\/schema.org\",\"@graph\":[{\"@type\":\"WebPage\",\"@id\":\"https:\/\/eventdjwesel.de\/startseite\/hochzeitsgeschichten-aus-den-medien\/hochzeit-laeuft-total-aus-dem-ruder-sogar-die-polizei-zeigt-mitleid-mit-dem-brautpaar\/\",\"url\":\"https:\/\/eventdjwesel.de\/startseite\/hochzeitsgeschichten-aus-den-medien\/hochzeit-laeuft-total-aus-dem-ruder-sogar-die-polizei-zeigt-mitleid-mit-dem-brautpaar\/\",\"name\":\"Hochzeit l\u00e4uft total aus dem Ruder - sogar die Polizei zeigt Mitleid mit dem Brautpaar -\",\"isPartOf\":{\"@id\":\"https:\/\/eventdjwesel.de\/startseite\/#website\"},\"datePublished\":\"2021-10-04T08:28:45+00:00\",\"breadcrumb\":{\"@id\":\"https:\/\/eventdjwesel.de\/startseite\/hochzeitsgeschichten-aus-den-medien\/hochzeit-laeuft-total-aus-dem-ruder-sogar-die-polizei-zeigt-mitleid-mit-dem-brautpaar\/#breadcrumb\"},\"inLanguage\":\"de\",\"potentialAction\":[{\"@type\":\"ReadAction\",\"target\":[\"https:\/\/eventdjwesel.de\/startseite\/hochzeitsgeschichten-aus-den-medien\/hochzeit-laeuft-total-aus-dem-ruder-sogar-die-polizei-zeigt-mitleid-mit-dem-brautpaar\/\"]}]},{\"@type\":\"BreadcrumbList\",\"@id\":\"https:\/\/eventdjwesel.de\/startseite\/hochzeitsgeschichten-aus-den-medien\/hochzeit-laeuft-total-aus-dem-ruder-sogar-die-polizei-zeigt-mitleid-mit-dem-brautpaar\/#breadcrumb\",\"itemListElement\":[{\"@type\":\"ListItem\",\"position\":1,\"name\":\"Start\",\"item\":\"https:\/\/eventdjwesel.de\/startseite\/\"},{\"@type\":\"ListItem\",\"position\":2,\"name\":\"Hochzeitsgeschichten aus den Medien\",\"item\":\"https:\/\/eventdjwesel.de\/startseite\/hochzeitsgeschichten-aus-den-medien\/\"},{\"@type\":\"ListItem\",\"position\":3,\"name\":\"Hochzeit l\u00e4uft total aus dem Ruder &#8211; sogar die Polizei zeigt Mitleid mit dem Brautpaar\"}]},{\"@type\":\"WebSite\",\"@id\":\"https:\/\/eventdjwesel.de\/startseite\/#website\",\"url\":\"https:\/\/eventdjwesel.de\/startseite\/\",\"name\":\"\",\"description\":\"\",\"potentialAction\":[{\"@type\":\"SearchAction\",\"target\":{\"@type\":\"EntryPoint\",\"urlTemplate\":\"https:\/\/eventdjwesel.de\/startseite\/?s={search_term_string}\"},\"query-input\":{\"@type\":\"PropertyValueSpecification\",\"valueRequired\":true,\"valueName\":\"search_term_string\"}}],\"inLanguage\":\"de\"}]}<\/script>\n<!-- \/ Yoast SEO plugin. -->","yoast_head_json":{"title":"Hochzeit l\u00e4uft total aus dem Ruder - sogar die Polizei zeigt Mitleid mit dem Brautpaar -","robots":{"index":"index","follow":"follow","max-snippet":"max-snippet:-1","max-image-preview":"max-image-preview:large","max-video-preview":"max-video-preview:-1"},"canonical":"https:\/\/eventdjwesel.de\/startseite\/hochzeitsgeschichten-aus-den-medien\/hochzeit-laeuft-total-aus-dem-ruder-sogar-die-polizei-zeigt-mitleid-mit-dem-brautpaar\/","og_locale":"de_DE","og_type":"article","og_title":"Hochzeit l\u00e4uft total aus dem Ruder - sogar die Polizei zeigt Mitleid mit dem Brautpaar -","og_description":"Wenn der sch\u00f6nste Tag im Leben des Brautpaares zum Desaster wird: Im bayerischen Schweinfurt nahm eine feierliche&nbsp;Hochzeit&nbsp;eine b\u00f6se Wendung. Am Ende erschien die Polizei auf der&nbsp;Hochzeit&nbsp;\u2013 und sogar die Beamten hatten Mitleid mit dem frischverm\u00e4hlten Ehepaar. Wie das Portal infranken.de berichtet, gerieten zun\u00e4chst einige G\u00e4ste der Hochzeit verbal aneinander. Dann lief das Geschehen endg\u00fcltig aus [&hellip;]","og_url":"https:\/\/eventdjwesel.de\/startseite\/hochzeitsgeschichten-aus-den-medien\/hochzeit-laeuft-total-aus-dem-ruder-sogar-die-polizei-zeigt-mitleid-mit-dem-brautpaar\/","twitter_card":"summary_large_image","twitter_misc":{"Gesch\u00e4tzte Lesezeit":"1\u00a0Minute"},"schema":{"@context":"https:\/\/schema.org","@graph":[{"@type":"WebPage","@id":"https:\/\/eventdjwesel.de\/startseite\/hochzeitsgeschichten-aus-den-medien\/hochzeit-laeuft-total-aus-dem-ruder-sogar-die-polizei-zeigt-mitleid-mit-dem-brautpaar\/","url":"https:\/\/eventdjwesel.de\/startseite\/hochzeitsgeschichten-aus-den-medien\/hochzeit-laeuft-total-aus-dem-ruder-sogar-die-polizei-zeigt-mitleid-mit-dem-brautpaar\/","name":"Hochzeit l\u00e4uft total aus dem Ruder - sogar die Polizei zeigt Mitleid mit dem Brautpaar -","isPartOf":{"@id":"https:\/\/eventdjwesel.de\/startseite\/#website"},"datePublished":"2021-10-04T08:28:45+00:00","breadcrumb":{"@id":"https:\/\/eventdjwesel.de\/startseite\/hochzeitsgeschichten-aus-den-medien\/hochzeit-laeuft-total-aus-dem-ruder-sogar-die-polizei-zeigt-mitleid-mit-dem-brautpaar\/#breadcrumb"},"inLanguage":"de","potentialAction":[{"@type":"ReadAction","target":["https:\/\/eventdjwesel.de\/startseite\/hochzeitsgeschichten-aus-den-medien\/hochzeit-laeuft-total-aus-dem-ruder-sogar-die-polizei-zeigt-mitleid-mit-dem-brautpaar\/"]}]},{"@type":"BreadcrumbList","@id":"https:\/\/eventdjwesel.de\/startseite\/hochzeitsgeschichten-aus-den-medien\/hochzeit-laeuft-total-aus-dem-ruder-sogar-die-polizei-zeigt-mitleid-mit-dem-brautpaar\/#breadcrumb","itemListElement":[{"@type":"ListItem","position":1,"name":"Start","item":"https:\/\/eventdjwesel.de\/startseite\/"},{"@type":"ListItem","position":2,"name":"Hochzeitsgeschichten aus den Medien","item":"https:\/\/eventdjwesel.de\/startseite\/hochzeitsgeschichten-aus-den-medien\/"},{"@type":"ListItem","position":3,"name":"Hochzeit l\u00e4uft total aus dem Ruder &#8211; sogar die Polizei zeigt Mitleid mit dem Brautpaar"}]},{"@type":"WebSite","@id":"https:\/\/eventdjwesel.de\/startseite\/#website","url":"https:\/\/eventdjwesel.de\/startseite\/","name":"","description":"","potentialAction":[{"@type":"SearchAction","target":{"@type":"EntryPoint","urlTemplate":"https:\/\/eventdjwesel.de\/startseite\/?s={search_term_string}"},"query-input":{"@type":"PropertyValueSpecification","valueRequired":true,"valueName":"search_term_string"}}],"inLanguage":"de"}]}},"_links":{"self":[{"href":"https:\/\/eventdjwesel.de\/startseite\/wp-json\/wp\/v2\/pages\/373","targetHints":{"allow":["GET"]}}],"collection":[{"href":"https:\/\/eventdjwesel.de\/startseite\/wp-json\/wp\/v2\/pages"}],"about":[{"href":"https:\/\/eventdjwesel.de\/startseite\/wp-json\/wp\/v2\/types\/page"}],"author":[{"embeddable":true,"href":"https:\/\/eventdjwesel.de\/startseite\/wp-json\/wp\/v2\/users\/1"}],"replies":[{"embeddable":true,"href":"https:\/\/eventdjwesel.de\/startseite\/wp-json\/wp\/v2\/comments?post=373"}],"version-history":[{"count":0,"href":"https:\/\/eventdjwesel.de\/startseite\/wp-json\/wp\/v2\/pages\/373\/revisions"}],"up":[{"embeddable":true,"href":"https:\/\/eventdjwesel.de\/startseite\/wp-json\/wp\/v2\/pages\/371"}],"wp:attachment":[{"href":"https:\/\/eventdjwesel.de\/startseite\/wp-json\/wp\/v2\/media?parent=373"}],"curies":[{"name":"wp","href":"https:\/\/api.w.org\/{rel}","templated":true}]}}