{"id":10,"date":"2021-10-01T23:01:07","date_gmt":"2021-10-01T21:01:07","guid":{"rendered":"http:\/\/eventdjwesel.de\/?page_id=9"},"modified":"2026-03-05T14:36:39","modified_gmt":"2026-03-05T13:36:39","slug":"hochzeits-dj-wesel-dj-sebastian-dj-fuer-hochzeit-event","status":"publish","type":"page","link":"https:\/\/eventdjwesel.de\/startseite\/","title":{"rendered":"Hochzeits-DJ Wesel \u2013 F\u00fcr unvergessliche Momente &amp; volle Tanzfl\u00e4chen"},"content":{"rendered":"\n<p>Willkommen bei DJ Sebastian, Ihrem professionellen <strong>Hochzeits-&amp; Event-DJ in Wesel und Umgebung<\/strong>. Wenn Sie einen erfahrenen DJ f\u00fcr Ihre Hochzeit, Firmenfeier, Business Events oder private Veranstaltung am Niederrhein suchen, sind Sie hier genau richtig. Ich bin Hochzeits- &amp; Event-DJ f\u00fcr den Kreis Wesel und ganz Nordrhein-Westfalen.<\/p>\n\n\n\n<p>Service und Professionalit\u00e4t stehen bei mir ganz klar im Vordergrund. Ihr genie\u00dft euren Tag &#8211; ich k\u00fcmmere mich um die perfekte Stimmung von der freien Trauung \u00fcber den Sektempfang bis zur letzten Tanzrunde.<\/p>\n\n\n\n<p>Als Hochzeits- &amp; Event-DJ aus Wesel begleite ich Paare im gesamten Kreis Wesel &#8211; von Xanten \u00fcber Dinslaken bis Bocholt. Aber auch au\u00dferhalb des Niederrheins bin ich f\u00fcr meine Kunden und Brautpaare im Einsatz. Ich bin in komplett Nordrhein-Westfalen gebucht. Von Bielefeld bis K\u00f6ln ist alles dabei.<\/p>\n\n\n\n<hr class=\"wp-block-separator has-css-opacity is-style-wide\"\/>\n\n\n\n<p class=\"has-text-align-center\"><strong>Eure Hochzeit ist kein &#8222;Event&#8220;<\/strong><\/p>\n\n\n\n<p>Es ist der Tag, an den Ihr euch f\u00fcr immer erinnern wollt. Wenn die Oma mit den Enkeln tanzt, wenn Eure Freunde ausrasten, wenn Ihr euch anschaut und wisst:<\/p>\n\n\n\n<p class=\"has-text-align-center has-large-font-size\"><strong>GENAU SO SOLLTE ES SEIN!<\/strong><\/p>\n\n\n\n<hr class=\"wp-block-separator has-css-opacity is-style-wide\"\/>\n\n\n\n<figure class=\"wp-block-embed is-type-video is-provider-youtube wp-block-embed-youtube wp-embed-aspect-16-9 wp-has-aspect-ratio\"><div class=\"wp-block-embed__wrapper\">\n<iframe loading=\"lazy\" title=\"Danke Video 2022 #impressionen hochzeitsdjwesel.de\" width=\"676\" height=\"380\" src=\"https:\/\/www.youtube.com\/embed\/WEQICr2d9EE?feature=oembed\" frameborder=\"0\" allow=\"accelerometer; autoplay; clipboard-write; encrypted-media; gyroscope; picture-in-picture; web-share\" referrerpolicy=\"strict-origin-when-cross-origin\" allowfullscreen><\/iframe>\n<\/div><\/figure>\n\n\n\n<p><strong>Dein Hochzeits-DJ aus Wesel \u2013 mit Herz &amp; Musikgef\u00fchl<\/strong><\/p>\n\n\n\n<p>Ich bin seit mehreren Jahren als Hochzeits-DJ unterwegs und begleite bis heute \u00fcber <strong>150  Hochzeiten im gesamten Niederrhein<\/strong>.<\/p>\n\n\n\n<p>Was Paare an mir besonders sch\u00e4tzen:<br>\u2714 ich bin <strong>sympathisch und authentisch<\/strong>,<br>\u2714 ich habe ein sehr gutes <strong>Gef\u00fchl f\u00fcr den richtigen Song zur richtigen Zeit<\/strong>,<br>\u2714 und ich nehme mir Zeit f\u00fcr eure W\u00fcnsche und Vorgespr\u00e4che.<\/p>\n\n\n\n<p>Musik ist f\u00fcr mich mehr als nur Beschallung \u2013 sie schafft Erinnerungen.<\/p>\n\n\n\n<hr class=\"wp-block-separator has-css-opacity is-style-wide\"\/>\n\n\n\n<div class=\"wp-block-columns is-layout-flex wp-container-core-columns-is-layout-9d6595d7 wp-block-columns-is-layout-flex\">\n<div class=\"wp-block-column is-layout-flow wp-block-column-is-layout-flow\" style=\"flex-basis:100%\">\nngg_shortcode_0_placeholder\n<\/div>\n<\/div>\n\n\n\n<hr class=\"wp-block-separator has-css-opacity is-style-wide\"\/>\n\n\n\n<div class=\"wp-block-columns is-layout-flex wp-container-core-columns-is-layout-9d6595d7 wp-block-columns-is-layout-flex\">\n<div class=\"wp-block-column is-layout-flow wp-block-column-is-layout-flow\">\n<div class=\"wp-block-columns is-layout-flex wp-container-core-columns-is-layout-9d6595d7 wp-block-columns-is-layout-flex\">\n<div class=\"wp-block-column is-layout-flow wp-block-column-is-layout-flow\">\nngg_shortcode_1_placeholder\n<\/div>\n\n\n\n<div class=\"wp-block-column is-layout-flow wp-block-column-is-layout-flow\">\n<pre class=\"wp-block-preformatted has-white-background-color has-background\"><\/pre>\n\n\n\n<p> Es kommen immer wieder tolle Brautpaare zu meiner Hochzeitspaar Galerie dazu. Ich bin stolz auf jede Feier, die ich musikalisch begleiten durfte. Vielen Dank f\u00fcr das Vertrauen und so tolle und hemmungslose Partys. Hier sehen Sie eine kleine Auswahl von tollen Brautpaaren, die ich musikalisch begleitet habe. <\/p>\n<\/div>\n<\/div>\n<\/div>\n<\/div>\n\n\n\n<blockquote class=\"wp-block-quote is-layout-flow wp-block-quote-is-layout-flow\">\n<p><strong>Hochzeits-DJ in Wesel, Xanten, Dinslaken, Bocholt &amp; am Niederrhein<\/strong><br>Ich begleite Hochzeiten vom Niederrhein bis ins Ruhrgebiet. Egal ob in Wesel, Xanten, Rees, Dinslaken oder Oberhausen \u2013 ich bringe <strong>Emotionen und Stimmung in eure Feier<\/strong>.<br><strong>Hochzeits DJ Wesel<\/strong>, <strong>DJ Hochzeit Niederrhein<\/strong>, <strong>DJ f\u00fcr Hochzeiten Kreis Wesel<\/strong> \u2013 all diese Suchbegriffe und Orte deckt meine Website und Leistung ab.<\/p>\n<\/blockquote>\n\n\n\n<blockquote class=\"wp-block-quote is-layout-flow wp-block-quote-is-layout-flow\">\n<p>Noch unentschlossen? Ich berate euch gerne pers\u00f6nlich! Ruft mich unter: 0177-3183050 an oder schreibt mir eine E-Mail. <\/p>\n<\/blockquote>\n","protected":false},"excerpt":{"rendered":"<p>Willkommen bei DJ Sebastian, Ihrem professionellen Hochzeits-&amp; Event-DJ in Wesel und Umgebung. Wenn Sie einen erfahrenen DJ f\u00fcr Ihre Hochzeit, Firmenfeier, Business Events oder private Veranstaltung am Niederrhein suchen, sind Sie hier genau richtig. Ich bin Hochzeits- &amp; Event-DJ f\u00fcr den Kreis Wesel und ganz Nordrhein-Westfalen. Service und Professionalit\u00e4t stehen bei mir ganz klar im [&hellip;]<\/p>\n","protected":false},"author":1,"featured_media":0,"parent":0,"menu_order":0,"comment_status":"closed","ping_status":"closed","template":"","meta":{"ngg_post_thumbnail":0,"footnotes":""},"class_list":["post-10","page","type-page","status-publish","hentry","post-preview"],"yoast_head":"<!-- This site is optimized with the Yoast SEO plugin v27.1.1 - https:\/\/yoast.com\/product\/yoast-seo-wordpress\/ -->\n<title>Hochzeits-DJ Wesel \u2013 F\u00fcr unvergessliche Momente &amp; volle Tanzfl\u00e4chen -<\/title>\n<meta name=\"description\" content=\"Professioneller Hochzeits-DJ in Wesel &amp; Niederrhein \u2013 Musik f\u00fcr Hochzeit, Party &amp; Event. Jetzt anfragen und Termin sichern!\" \/>\n<meta name=\"robots\" content=\"index, follow, max-snippet:-1, max-image-preview:large, max-video-preview:-1\" \/>\n<link rel=\"canonical\" href=\"https:\/\/eventdjwesel.de\/startseite\/\" \/>\n<meta property=\"og:locale\" content=\"de_DE\" \/>\n<meta property=\"og:type\" content=\"article\" \/>\n<meta property=\"og:title\" content=\"Hochzeits-DJ Wesel \u2013 F\u00fcr unvergessliche Momente &amp; volle Tanzfl\u00e4chen -\" \/>\n<meta property=\"og:description\" content=\"Professioneller Hochzeits-DJ in Wesel &amp; Niederrhein \u2013 Musik f\u00fcr Hochzeit, Party &amp; Event. Jetzt anfragen und Termin sichern!\" \/>\n<meta property=\"og:url\" content=\"https:\/\/eventdjwesel.de\/startseite\/\" \/>\n<meta property=\"article:modified_time\" content=\"2026-03-05T13:36:39+00:00\" \/>\n<meta name=\"twitter:card\" content=\"summary_large_image\" \/>\n<meta name=\"twitter:label1\" content=\"Gesch\u00e4tzte Lesezeit\" \/>\n\t<meta name=\"twitter:data1\" content=\"2\u00a0Minuten\" \/>\n<script type=\"application\/ld+json\" class=\"yoast-schema-graph\">{\"@context\":\"https:\/\/schema.org\",\"@graph\":[{\"@type\":\"WebPage\",\"@id\":\"https:\/\/eventdjwesel.de\/startseite\/\",\"url\":\"https:\/\/eventdjwesel.de\/startseite\/\",\"name\":\"Hochzeits-DJ Wesel \u2013 F\u00fcr unvergessliche Momente &amp; volle Tanzfl\u00e4chen -\",\"isPartOf\":{\"@id\":\"https:\/\/eventdjwesel.de\/startseite\/#website\"},\"datePublished\":\"2021-10-01T21:01:07+00:00\",\"dateModified\":\"2026-03-05T13:36:39+00:00\",\"description\":\"Professioneller Hochzeits-DJ in Wesel & Niederrhein \u2013 Musik f\u00fcr Hochzeit, Party & Event. Jetzt anfragen und Termin sichern!\",\"breadcrumb\":{\"@id\":\"https:\/\/eventdjwesel.de\/startseite\/#breadcrumb\"},\"inLanguage\":\"de\",\"potentialAction\":[{\"@type\":\"ReadAction\",\"target\":[\"https:\/\/eventdjwesel.de\/startseite\/\"]}]},{\"@type\":\"BreadcrumbList\",\"@id\":\"https:\/\/eventdjwesel.de\/startseite\/#breadcrumb\",\"itemListElement\":[{\"@type\":\"ListItem\",\"position\":1,\"name\":\"Start\",\"item\":\"https:\/\/eventdjwesel.de\/startseite\/\"},{\"@type\":\"ListItem\",\"position\":2,\"name\":\"Hochzeits-DJ Wesel \u2013 F\u00fcr unvergessliche Momente &amp; volle Tanzfl\u00e4chen\"}]},{\"@type\":\"WebSite\",\"@id\":\"https:\/\/eventdjwesel.de\/startseite\/#website\",\"url\":\"https:\/\/eventdjwesel.de\/startseite\/\",\"name\":\"\",\"description\":\"\",\"potentialAction\":[{\"@type\":\"SearchAction\",\"target\":{\"@type\":\"EntryPoint\",\"urlTemplate\":\"https:\/\/eventdjwesel.de\/startseite\/?s={search_term_string}\"},\"query-input\":{\"@type\":\"PropertyValueSpecification\",\"valueRequired\":true,\"valueName\":\"search_term_string\"}}],\"inLanguage\":\"de\"}]}<\/script>\n<!-- \/ Yoast SEO plugin. -->","yoast_head_json":{"title":"Hochzeits-DJ Wesel \u2013 F\u00fcr unvergessliche Momente &amp; volle Tanzfl\u00e4chen -","description":"Professioneller Hochzeits-DJ in Wesel & Niederrhein \u2013 Musik f\u00fcr Hochzeit, Party & Event. Jetzt anfragen und Termin sichern!","robots":{"index":"index","follow":"follow","max-snippet":"max-snippet:-1","max-image-preview":"max-image-preview:large","max-video-preview":"max-video-preview:-1"},"canonical":"https:\/\/eventdjwesel.de\/startseite\/","og_locale":"de_DE","og_type":"article","og_title":"Hochzeits-DJ Wesel \u2013 F\u00fcr unvergessliche Momente &amp; volle Tanzfl\u00e4chen -","og_description":"Professioneller Hochzeits-DJ in Wesel & Niederrhein \u2013 Musik f\u00fcr Hochzeit, Party & Event. Jetzt anfragen und Termin sichern!","og_url":"https:\/\/eventdjwesel.de\/startseite\/","article_modified_time":"2026-03-05T13:36:39+00:00","twitter_card":"summary_large_image","twitter_misc":{"Gesch\u00e4tzte Lesezeit":"2\u00a0Minuten"},"schema":{"@context":"https:\/\/schema.org","@graph":[{"@type":"WebPage","@id":"https:\/\/eventdjwesel.de\/startseite\/","url":"https:\/\/eventdjwesel.de\/startseite\/","name":"Hochzeits-DJ Wesel \u2013 F\u00fcr unvergessliche Momente &amp; volle Tanzfl\u00e4chen -","isPartOf":{"@id":"https:\/\/eventdjwesel.de\/startseite\/#website"},"datePublished":"2021-10-01T21:01:07+00:00","dateModified":"2026-03-05T13:36:39+00:00","description":"Professioneller Hochzeits-DJ in Wesel & Niederrhein \u2013 Musik f\u00fcr Hochzeit, Party & Event. Jetzt anfragen und Termin sichern!","breadcrumb":{"@id":"https:\/\/eventdjwesel.de\/startseite\/#breadcrumb"},"inLanguage":"de","potentialAction":[{"@type":"ReadAction","target":["https:\/\/eventdjwesel.de\/startseite\/"]}]},{"@type":"BreadcrumbList","@id":"https:\/\/eventdjwesel.de\/startseite\/#breadcrumb","itemListElement":[{"@type":"ListItem","position":1,"name":"Start","item":"https:\/\/eventdjwesel.de\/startseite\/"},{"@type":"ListItem","position":2,"name":"Hochzeits-DJ Wesel \u2013 F\u00fcr unvergessliche Momente &amp; volle Tanzfl\u00e4chen"}]},{"@type":"WebSite","@id":"https:\/\/eventdjwesel.de\/startseite\/#website","url":"https:\/\/eventdjwesel.de\/startseite\/","name":"","description":"","potentialAction":[{"@type":"SearchAction","target":{"@type":"EntryPoint","urlTemplate":"https:\/\/eventdjwesel.de\/startseite\/?s={search_term_string}"},"query-input":{"@type":"PropertyValueSpecification","valueRequired":true,"valueName":"search_term_string"}}],"inLanguage":"de"}]}},"_links":{"self":[{"href":"https:\/\/eventdjwesel.de\/startseite\/wp-json\/wp\/v2\/pages\/10","targetHints":{"allow":["GET"]}}],"collection":[{"href":"https:\/\/eventdjwesel.de\/startseite\/wp-json\/wp\/v2\/pages"}],"about":[{"href":"https:\/\/eventdjwesel.de\/startseite\/wp-json\/wp\/v2\/types\/page"}],"author":[{"embeddable":true,"href":"https:\/\/eventdjwesel.de\/startseite\/wp-json\/wp\/v2\/users\/1"}],"replies":[{"embeddable":true,"href":"https:\/\/eventdjwesel.de\/startseite\/wp-json\/wp\/v2\/comments?post=10"}],"version-history":[{"count":10,"href":"https:\/\/eventdjwesel.de\/startseite\/wp-json\/wp\/v2\/pages\/10\/revisions"}],"predecessor-version":[{"id":1138,"href":"https:\/\/eventdjwesel.de\/startseite\/wp-json\/wp\/v2\/pages\/10\/revisions\/1138"}],"wp:attachment":[{"href":"https:\/\/eventdjwesel.de\/startseite\/wp-json\/wp\/v2\/media?parent=10"}],"curies":[{"name":"wp","href":"https:\/\/api.w.org\/{rel}","templated":true}]}}